{"id":3639,"date":"2020-10-08T17:51:38","date_gmt":"2020-10-08T08:51:38","guid":{"rendered":"https:\/\/www.ryonan.l44.jp\/?page_id=3639"},"modified":"2020-10-08T17:51:38","modified_gmt":"2020-10-08T08:51:38","slug":"support","status":"publish","type":"page","link":"https:\/\/www.ryonan.l44.jp\/pt\/support","title":{"rendered":"Apoio para cuidados infantis"},"content":{"rendered":"<div id=\"kids\" class=\"section\">\n<h2 id=\"content-1\">Ryonan Kids<\/h2>\n<div class=\"paragraph\"><img decoding=\"async\" class=\"alignright\" src=\"\/images\/support01.jpg\" alt=\"\u308a\u3087\u3046\u306a\u3093\u30ad\u30c3\u30ba\" \/>Na classe de 2 anos, h\u00e1 muitos programas de atividades divertidas, como jogos de exerc\u00edcios, jogos de express\u00e3o e jogos de modelagem.\u00a0Tamb\u00e9m estamos implementando novas tentativas, como incorporar a experi\u00eancia de colher peras, cavar batatas e almo\u00e7ar com pais e filhos.\u00a0Damos aulas \u00e0s ter\u00e7as e sextas-feiras, 27 vezes por ano.\u00a0O hor\u00e1rio de creche de maio a julho come\u00e7ar\u00e1 das 10h00 \u00e0s 11h30 como classe de pais e filhos, mas de setembro a fevereiro, a m\u00e3e e a crian\u00e7a ser\u00e3o separadas, e o hor\u00e1rio de creche ser\u00e1 estendido por 30 minutos, das 10h00 \u00e0s 12h00, Somente crian\u00e7as far\u00e3o isso.<\/div>\n<div class=\"paragraph\">Al\u00e9m disso, a aula de 1 ano deste ano ser\u00e1 ministrada 18 vezes por ano de maio a fevereiro (encerrada em agosto), o hor\u00e1rio de creche ser\u00e1 das 9h50 \u00e0s 10h40 e todas as quartas-feiras alternadas.\u00a0Temos programas divertidos, como jogos entre pais e filhos, livros ilustrados e jogos r\u00edtmicos.<\/div>\n<div class=\"content\">\n<div class=\"paragraph Board\">\n<p><span style=\"color: #0000ff;\"><strong>Informa\u00e7\u00f5es sobre crian\u00e7as Ryonan de 2 anos de 2020<\/strong><\/span><\/p>\n<p>* Idade alvo H29.4.2-H30.4.1<\/p>\n<p>* Aula de ter\u00e7a-feira \/ sexta-feira (capacidade: cerca de 15 pessoas cada) * M\u00e9dia de 3 vezes por m\u00eas<\/p>\n<p>* Hor\u00e1rio das 10h00 \u00e0s 11h30 \/ Separa\u00e7\u00e3o m\u00e3e-filho (setembro-) 10h00 \u00e0s 12h30<\/p>\n<p>* Taxa de assinatura mensal de 3.000 ienes \/ 4.000 ienes quando m\u00e3e e filho est\u00e3o separados (a partir de setembro)<\/p>\n<p>* Taxa de admiss\u00e3o 2.000 ienes (1.000 ienes ser\u00e3o reduzidos se voc\u00ea continuar da classe de pai e filho de 1 ano)<\/p>\n<p>* Cobran\u00e7a de despesas reais para livros ilustrados<\/p>\n<p><span style=\"color: #800080;\"><span style=\"color: #800080;\"><strong><span style=\"color: #0000ff;\">Informa\u00e7\u00f5es sobre classes para pais e filhos de 2020 Ryonan Kids 1 ano<\/span><\/strong><\/span><\/span><\/p>\n<p>* Idade alvo H30.4.2-H31.4.1<\/p>\n<p>* Aula \u00e0s quartas-feiras, a cada duas semanas (capacidade: cerca de 15 pessoas) * Cerca de 18 vezes por ano<\/p>\n<p>* Hora 9: 50-10: 40<\/p>\n<p>* Taxa de assinatura mensal de 1.000 ienes<\/p>\n<p>* Taxa de admiss\u00e3o 1.000 ienes<\/p>\n<p><em><span style=\"color: #800080;\">\u00a0\u00a0\u00a0\u00a0\u00a0\u00a0\u00a0\u00a0\u00a0\u00a0\u00a0\u00a0\u00a0\u00a0\u00a0\u00a0\u00a0\u00a0\u00a0\u00a0\u00a0\u00a0\u00a0\u00a0<span style=\"color: #ffffff;\">\u00a0\u2606\u2606\u2606\u5165\u4f1a\u3092\u3054\u5e0c\u671b\u306e\u65b9\u306f\u5712\u307e\u3067\u304a\u554f\u3044\u5408\u308f\u305b\u4e0b\u3055\u3044\u2606\u2606\u2606<\/span><\/span><\/em><\/p>\n<div class=\"ToPagetop\"><p><a href=\"#pt\">\u30da\u30fc\u30b8\u306e\u5148\u982d\u3078<\/a><\/p><\/div>\n<\/div>\n<\/div>\n<\/div>\n<div class=\"section\">\n<h2>Festa safada<\/h2>\n<div class=\"content\">\n<div class=\"paragraph\">\n<p><img decoding=\"async\" class=\"alignleft\" src=\"\/images\/support02.jpg\" alt=\"\u308f\u3093\u3071\u304f\u30d1\u30fc\u30c6\u30a3\u30fc\" \/><\/p>\n<div class=\"paragraph\">Uma festa safada \u00e9 uma brincadeira para as crian\u00e7as antes de entrarem no parque.\u00a0Qualquer pessoa que tenha filhos de pr\u00e9-escolares pode participar.<\/div>\n<div class=\"paragraph\">Um total de 8 vezes de abril a dezembro.\u00a0Oferecemos conselhos pontuais sobre a cria\u00e7\u00e3o dos filhos com cart\u00f5es-postais todos os meses e boletins informativos do jardim de inf\u00e2ncia publicados duas vezes por ano.\u00a0Se desejar ser notificado, informe-nos seu endere\u00e7o, nome do beb\u00ea e n\u00famero de telefone por e-mail (formul\u00e1rio para comunica\u00e7\u00e3o de cart\u00e3o-postal sobre cria\u00e7\u00e3o de filhos abaixo).<\/div>\n<\/div>\n<div style=\"clear: both;\">\n<p><span style=\"font-size: 1.17em;\"><span style=\"font-size: 1.17em;\">Data da Festa Naughty 2020<\/span><\/span><\/p>\n<\/div>\n<div class=\"paragraph\">\n<table style=\"width: 334px; height: 204px;\">\n<tbody>\n<tr>\n<th>Dia Aberto da Crian\u00e7a<\/th>\n<td>\u3000Pare<\/td>\n<td>Jardim de inf\u00e2ncia<\/td>\n<\/tr>\n<tr>\n<th>1\u00aa<\/th>\n<td>\u3000Pare<\/td>\n<td>Jardim de inf\u00e2ncia<\/td>\n<\/tr>\n<tr>\n<th>2\u00aa<\/th>\n<td>Quarta-feira, 17 de junho<\/td>\n<td>Parque infantil<\/td>\n<\/tr>\n<tr>\n<th>3\u00aa<\/th>\n<td>Quarta-feira, 8 de julho<\/td>\n<td>Brincando na \u00e1gua<\/td>\n<\/tr>\n<tr>\n<th>4\u00ba<\/th>\n<td>Quarta-feira, 9 de setembro<\/td>\n<td>Enfermaria<\/td>\n<\/tr>\n<tr>\n<th>5 \u00aa<\/th>\n<td>Quarta-feira, 21 de outubro<\/td>\n<td>Parque infantil<\/td>\n<\/tr>\n<tr>\n<th>6\u00ba<\/th>\n<td>Quarta-feira, 25 de novembro<\/td>\n<td>Jardim de inf\u00e2ncia<\/td>\n<\/tr>\n<tr>\n<th>7\u00ba<\/th>\n<td>Quarta-feira, 23 de dezembro<\/td>\n<td>Jardim de inf\u00e2ncia<\/td>\n<\/tr>\n<\/tbody>\n<\/table>\n<p><span style=\"color: #000000;\">\u00a0<span style=\"color: #ffffff;\">\u672c<\/span><\/span><span style=\"color: #ffffff;\">\u5e74\u5ea6\u306e\u308f\u3093\u3071\u304f\u30d1\u30fc\u30c6\u30a3\u30fc\u306f\u7d42\u672c\u4e86\u3057\u307e\u3057\u305f\u3002<\/span><\/p>\n<p>* N\u00e3o \u00e9 necess\u00e1ria reserva.\u00a0Voc\u00ea poder\u00e1 participar completando os procedimentos na recep\u00e7\u00e3o do dia.<\/p>\n<p>* A partir de maio, 500 ienes ser\u00e3o cobrados como taxa de inscri\u00e7\u00e3o quando voc\u00ea participar pela primeira vez.<\/p>\n<p>* Prepare um saco pl\u00e1stico para pais e filhos cal\u00e7arem.<\/p>\n<\/div>\n<\/div>\n<div class=\"ToPagetop\"><p><a href=\"#pt\">\u30da\u30fc\u30b8\u306e\u5148\u982d\u3078<\/a><\/p><\/div>\n<\/div>\n<div class=\"section\">\n<h2 id=\"content-3\">Abrindo o jardim<\/h2>\n<p>Atualmente, o jardim n\u00e3o est\u00e1 aberto.<\/p>\n<p>* N\u00e3o estar\u00e1 aberto durante as f\u00e9rias de primavera, ver\u00e3o e inverno do jardim.<\/p>\n<div class=\"ToPagetop\"><p><a href=\"#pt\">\u30da\u30fc\u30b8\u306e\u5148\u982d\u3078<\/a><\/p><\/div>\n<\/div>\n<div id=\"postcard\" class=\"section\">\n<h2 id=\"content-4\">Comunica\u00e7\u00e3o de cart\u00e3o-postal sobre cria\u00e7\u00e3o de filhos<\/h2>\n<div class=\"content\">\n<div class=\"paragraph\">\n<p><a href=\"https:\/\/www.ryonan.l44.jp\/mailform\/postcard\">Assine aqui<\/a><\/p>\n<\/div>\n<\/div>\n<div class=\"ToPagetop\"><p><a href=\"#pt\">\u30da\u30fc\u30b8\u306e\u5148\u982d\u3078<\/a><\/p><\/div>\n<\/div>\n<div class=\"section\">\n<h2 id=\"content-5\">Rakko Club (guarda de crian\u00e7as sob cust\u00f3dia)<\/h2>\n<div class=\"content\">\n<div class=\"paragraph\"><img decoding=\"async\" class=\"alignleft\" src=\"\/images\/support03.gif\" alt=\"\u3089\u3063\u3053\u30af\u30e9\u30d6\" \/>O Rakko Club \u00e9 um servi\u00e7o de creche que acontece de segunda a sexta-feira at\u00e9 as 18h ap\u00f3s o t\u00e9rmino da creche.\u00a0Se voc\u00ea ficar at\u00e9 depois das 3 horas, fa\u00e7a um lanche.\u00a0Uma professora de jardim de inf\u00e2ncia em tempo integral cuida de seu filho para que ele possa relaxar em um ambiente familiar.\u00a0A creche sob cust\u00f3dia est\u00e1 aberta mesmo durante feriados prolongados, como f\u00e9rias de ver\u00e3o, f\u00e9rias de inverno e f\u00e9rias de primavera.\u00a0Entre em contato com o jardim para obter detalhes.<\/div>\n<div style=\"clear: both;\"><\/div>\n<h3>Evento especial de f\u00e9rias de ver\u00e3o\u00a0(2019)<\/h3>\n<div class=\"paragraph\">\n<ul class=\"List\">\n<li>22 de julho (segunda-feira) Nagashi Somen<\/li>\n<li>23 de julho (ter\u00e7a) Nagashi Somen<\/li>\n<li>Quarta-feira, 24 de julho, Parque Bosai no Oka<\/li>\n<li>Quinta-feira, 25 de julho, Nagashi Somen<\/li>\n<li>26 de julho (sexta-feira) Fazendo pistolas de \u00e1gua<\/li>\n<li>Segunda-feira, 29 de julho, Parque Aikawa<\/li>\n<\/ul>\n<\/div>\n<h3>Evento especial de f\u00e9rias de inverno (2012)<\/h3>\n<div class=\"paragraph\">\n<ul class=\"List\">\n<li>27 de dezembro (ter\u00e7a) Fazendo biscoitos<\/li>\n<\/ul>\n<\/div>\n<\/div>\n<div class=\"ToPagetop\"><p><a href=\"#pt\">\u30da\u30fc\u30b8\u306e\u5148\u982d\u3078<\/a><\/p><\/div>\n<\/div>\n","protected":false},"excerpt":{"rendered":"<p>Ryonan Kids Na classe de 2 anos, h\u00e1 muitos programas de atividades divertidas, como jogos de exerc\u00edcios, jogos de express\u00e3o e jogos de modelagem.\u00a0Tamb\u00e9m estamos implementando novas tentativas, como incorporar a experi\u00eancia de colher peras, cavar batatas e almo\u00e7ar com pais e filhos.\u00a0Damos aulas \u00e0s ter\u00e7as e sextas-feiras, 27 vezes por ano.\u00a0O hor\u00e1rio de creche [&hellip;]<\/p>\n","protected":false},"author":4,"featured_media":0,"parent":0,"menu_order":0,"comment_status":"open","ping_status":"open","template":"","meta":{"_locale":"pt_BR","_original_post":"http:\/\/preview.d-staging.com\/ryonan\/?page_id=4"},"_links":{"self":[{"href":"https:\/\/www.ryonan.l44.jp\/wp-json\/wp\/v2\/pages\/3639"}],"collection":[{"href":"https:\/\/www.ryonan.l44.jp\/wp-json\/wp\/v2\/pages"}],"about":[{"href":"https:\/\/www.ryonan.l44.jp\/wp-json\/wp\/v2\/types\/page"}],"author":[{"embeddable":true,"href":"https:\/\/www.ryonan.l44.jp\/wp-json\/wp\/v2\/users\/4"}],"replies":[{"embeddable":true,"href":"https:\/\/www.ryonan.l44.jp\/wp-json\/wp\/v2\/comments?post=3639"}],"version-history":[{"count":2,"href":"https:\/\/www.ryonan.l44.jp\/wp-json\/wp\/v2\/pages\/3639\/revisions"}],"predecessor-version":[{"id":3737,"href":"https:\/\/www.ryonan.l44.jp\/wp-json\/wp\/v2\/pages\/3639\/revisions\/3737"}],"wp:attachment":[{"href":"https:\/\/www.ryonan.l44.jp\/wp-json\/wp\/v2\/media?parent=3639"}],"curies":[{"name":"wp","href":"https:\/\/api.w.org\/{rel}","templated":true}]}}