{"id":3634,"date":"2020-10-08T18:03:45","date_gmt":"2020-10-08T09:03:45","guid":{"rendered":"https:\/\/www.ryonan.l44.jp\/?page_id=3634"},"modified":"2020-10-08T18:03:45","modified_gmt":"2020-10-08T09:03:45","slug":"education","status":"publish","type":"page","link":"https:\/\/www.ryonan.l44.jp\/pt\/education","title":{"rendered":"Educa\u00e7\u00e3o infantil"},"content":{"rendered":"<div class=\"section\">\n<div class=\"content\">\n<div class=\"paragraph\" style=\"overflow: auto;\">\n<p><img decoding=\"async\" class=\"alignleft\" src=\"\/images\/education01.jpg\" alt=\"\" \/><\/p>\n<p><span>\u201cPor qu\u00ea?\u201d \u201cFeito!\u201d Crian\u00e7as todos os dias<\/span><\/p>\n<p><span>Estou fazendo muitas novas descobertas.<\/span><\/p>\n<p><span>\u00c9 algo que os adultos n\u00e3o percebem<\/span><\/p>\n<p><span>Nasce de um pequeno evento.<\/span><\/p>\n<p><span>Para crian\u00e7as curiosas<\/span><\/p>\n<p><span>Criando um lugar onde voc\u00ea pode experimentar a si mesmo<\/span><\/p>\n<p><span>Acreditamos que ser\u00e1 um alimento para o crescimento.<\/span><\/p>\n<p><span>Educa\u00e7\u00e3o para derivar, n\u00e3o educa\u00e7\u00e3o para dar.<\/span><\/p>\n<p>Nosso slogan com esses pensamentos \u00e9<\/p>\n<p>&#8220;Coisas impressionantes&#8221;<\/p>\n<p>Em um ambiente verde e relacionamentos humanos calorosos<\/p>\n<p>Absorva muita emo\u00e7\u00e3o,<\/p>\n<p>Espero que voc\u00ea cres\u00e7a vigorosamente.<\/p>\n<\/div>\n<\/div>\n<\/div>\n<div class=\"section\">\n<h2 id=\"content-1\">Vamos sonhar<\/h2>\n<div class=\"content\">\n<div class=\"paragraph paragraph_title\">Vamos inflar muitos sonhos!<\/div>\n<h3><span>O jardim de inf\u00e2ncia \u00e9 um lugar onde as pr\u00f3prias crian\u00e7as experimentam a empolga\u00e7\u00e3o de &#8220;fui capaz de fazer isso pela primeira vez!&#8221;<\/span><\/h3>\n<div class=\"paragraph\">\n<p><img decoding=\"async\" class=\"alignleft\" src=\"\/images\/education03.jpg\" alt=\"\" \/><span>Em um jardim de inf\u00e2ncia \u00fanico que n\u00e3o pode ser abandonado, o que voc\u00ea n\u00e3o deve esquecer \u00e9 experimentar e se impressionar por meio de v\u00e1rias coisas e relacionamentos.\u00a0<\/span><span>\u00c9 liberar a mente e cultivar a base de um corpo saud\u00e1vel.\u00a0<\/span><span>O Ryonan Kindergarten \u00e9 mais livre para as crian\u00e7as encontrarem suas pr\u00f3prias brincadeiras e mergulharem nas brincadeiras enquanto interagem com amigos e cuidadores em um ambiente rico em vez de regras proibidas, educa\u00e7\u00e3o preventiva em escolas prim\u00e1rias e educa\u00e7\u00e3o treinada. Eu quero valorizar o que posso fazer.<\/span><\/p>\n<p>Espero que cada crian\u00e7a acumule pequenas impress\u00f5es e cres\u00e7a com boa sa\u00fade, tanto f\u00edsica como mental.<\/p>\n<\/div>\n<\/div>\n<div class=\"ToPagetop\"><p><a href=\"#pt\">\u30da\u30fc\u30b8\u306e\u5148\u982d\u3078<\/a><\/p><\/div>\n<\/div>\n<div class=\"section\">\n<h2 id=\"content-2\">Objetivos educacionais<\/h2>\n<div class=\"content\">\n<div class=\"paragraph paragraph_title\">Uma crian\u00e7a que pensa por si mesma com um corpo forte e um cora\u00e7\u00e3o gentil<\/div>\n<h3><span>O que \u00e9 especialmente importante na educa\u00e7\u00e3o<\/span><\/h3>\n<div class=\"paragraph\">\n<p><img decoding=\"async\" class=\"alignright\" src=\"\/images\/education05.jpg\" alt=\"Educational goals 1\" \/>\u25c7<span>O jardim de inf\u00e2ncia de Ryonan sempre pensa &#8220;jogo&#8221; como o centro de assist\u00eancia \u00e0 inf\u00e2ncia.\u00a0<\/span><span>As crian\u00e7as precisam de tempo e espa\u00e7o para mergulhar nas brincadeiras sem qualquer hesita\u00e7\u00e3o, e a sociabilidade cresce a partir da\u00ed.\u00a0<\/span><span>Valorizamos esse tempo e espa\u00e7o.<\/span><\/p>\n<p>\u25c7<span>Uma assistente social que est\u00e1 sempre em contato com crian\u00e7as.\u00a0<\/span><span>N\u00e3o sendo m\u00e3e, amiga ou irm\u00e3 mais velha, essa cuidadora tem um grande impacto nas crian\u00e7as.\u00a0<\/span><span>Tentamos fornecer creches brilhantes, gentis e am\u00e1veis.<\/span><\/p>\n<p>&nbsp;<\/p>\n<\/div>\n<div class=\"paragraph\">\n<p><img decoding=\"async\" class=\"alignright\" src=\"\/images\/education06.jpg\" alt=\"Educational goals 2\" \/>\u25c7<span>A natureza \u00e9 um ambiente importante para as crian\u00e7as.\u00a0<\/span><span>Como os terrenos residenciais est\u00e3o se tornando cada vez mais populares, a vegeta\u00e7\u00e3o est\u00e1 desaparecendo gradualmente nesta \u00e1rea.\u00a0<\/span><span>Existem campos de arroz onde o arroz pode ser cultivado e campos onde os vegetais podem ser colhidos.\u00a0<\/span><span>Voc\u00ea pode perseguir insetos no solo macio de um jardim e brincar como um lamacento.\u00a0<\/span><span>Valorizamos esse ambiente acima de tudo.<\/span><\/p>\n<p>\u25c7<span>A educa\u00e7\u00e3o dos filhos deve ser promovida com base no bom relacionamento entre os filhos, pais e jardins de inf\u00e2ncia.\u00a0<\/span><span>O Ryonan Kindergarten mant\u00e9m contato pr\u00f3ximo com as casas por meio de boletins e outros boletins, visitas a creches, encontros sociais e livros de contato.<\/span><\/p>\n<\/div>\n<\/div>\n<div class=\"ToPagetop\"><p><a href=\"#pt\">\u30da\u30fc\u30b8\u306e\u5148\u982d\u3078<\/a><\/p><\/div>\n<\/div>\n<div class=\"section\">\n<h2 id=\"content-3\">Desenvolvimento de creches ambiciosas<\/h2>\n<div class=\"content\">\n<h3>Creche dividida verticalmente<\/h3>\n<div class=\"paragraph\">\n<p>Agora que a taxa de natalidade est\u00e1 diminuindo e h\u00e1 poucos irm\u00e3os e irm\u00e3s, e est\u00e1 se tornando menos comum brincar com irm\u00e3os e irm\u00e3s mais velhos na vizinhan\u00e7a, \u00e9 uma experi\u00eancia que quero valorizar o relacionamento entre grupos de diferentes idades.\u00a0Ao morar com uma crian\u00e7a mais velha que vive no jardim h\u00e1 um ano, voc\u00ea aprender\u00e1 naturalmente a arte da vida no jardim.\u00a0Metade das turmas s\u00e3o crian\u00e7as mais velhas e a outra metade s\u00e3o crian\u00e7as rec\u00e9m-matriculadas, incluindo aquelas que foram promovidas de creches de tr\u00eas anos.\u00a0Em outras palavras, existem poucas crian\u00e7as na classe que s\u00e3o completamente novas na vida do jardim de inf\u00e2ncia.\u00a0Portanto, mesmo no novo ano de abril, voc\u00ea pode come\u00e7ar uma vida no jardim mais tranquila em compara\u00e7\u00e3o com outros jardins.\u00a0Essa diferen\u00e7a \u00e9 grande.<\/p>\n<\/div>\n<h3>DIA Nakayoshi<\/h3>\n<div class=\"paragraph\">\n<p>A partir do momento em que me acostumei com a vida no jardim, vou cuidar da classe desmontada uma vez por semana.\u00a0Montaremos v\u00e1rios cantos e as crian\u00e7as escolher\u00e3o suas pr\u00f3prias atividades e brincar\u00e3o desde a entrada at\u00e9 a sa\u00edda do parque.\u00a0As professoras de inf\u00e2ncia se encarregam de cada canto e cuidam das crian\u00e7as para que possam descobrir coisas novas, respeitando sua independ\u00eancia e independ\u00eancia.<\/p>\n<\/div>\n<h3>Rela\u00e7\u00e3o com a natureza<\/h3>\n<div class=\"paragraph\">\n<p>O cultivo de flores, a colheita de vegetais e o contato com animais s\u00e3o indispens\u00e1veis \u200b\u200bpara alimentar o cora\u00e7\u00e3o das crian\u00e7as, como o mist\u00e9rio da natureza, a grandeza e a preciosidade da vida.\u00a0As crian\u00e7as abrem seus cora\u00e7\u00f5es e se absorvem no rico ambiente natural de cada esta\u00e7\u00e3o.<\/p>\n<\/div>\n<h3>Pe\u00e7a de educa\u00e7\u00e3o f\u00edsica<\/h3>\n<div class=\"paragraph\">\n<p>N\u00e3o se trata apenas de poder subir, pular caixas e fazer exerc\u00edcios de solo que s\u00e3o importantes para as crian\u00e7as.\u00a0Desfrute de movimentos b\u00e1sicos como correr, pular e jogar enquanto suando.\u00a0O jardim grande e macio \u00e9 gentil com essas crian\u00e7as.\u00a0Um instrutor em tempo integral ter\u00e1 o prazer de ensinar crian\u00e7as de meia-idade e mais velhas.<\/p>\n<\/div>\n<h3>Tocar m\u00fasica<\/h3>\n<div class=\"paragraph\">\n<p>Pianica e bateria.\u00a0Parece que muitas pessoas associam imediatamente a m\u00fasica a um apito de bateria.\u00a0A m\u00fasica de Ryonan \u00e9 uma can\u00e7\u00e3o primeiro.\u00a0Comece cantando feliz e corretamente.\u00a0O som ser\u00e1 divertido como letras, e voc\u00ea aprender\u00e1 a usar o instrumento correto.\u00a0Um instrutor do sexo masculino em tempo integral orientar\u00e1 cuidadosamente todas as crian\u00e7as.<\/p>\n<\/div>\n<h3><span>Encontro com um livro de imagens<\/span><\/h3>\n<div class=\"paragraph\">\n<p><span>Os livros ilustrados alimentam os sonhos das crian\u00e7as e garantem o seu encontro com a cultura.\u00a0<\/span><span>Mesmo que voc\u00ea n\u00e3o consiga ler as cartas, apenas olhar as fotos torna o \u00e1lbum divertido.\u00a0<\/span><span>Eu gosto de livros.\u00a0<\/span><span>Isso n\u00e3o s\u00f3 se torna a base do trabalho escolar do ensino fundamental, mas tamb\u00e9m enriquece a vida.\u00a0<\/span><span>As crian\u00e7as encontram v\u00e1rios livros ilustrados em uma biblioteca brilhante e gratificante.\u00a0<\/span><span>As crian\u00e7as mais velhas tamb\u00e9m est\u00e3o tentando ler livros ilustrados em voz alta.\u00a0<\/span><span>N\u00e3o \u00e9 o prop\u00f3sito de ler cartas, mas a atividade para fazer as pessoas se interessarem por livros ilustrados e cartas.\u00a0<\/span><span>Como resultado, voc\u00ea ser\u00e1 capaz de ler livros ilustrados com hiragana, katakana e kanji aos poucos.<\/span><\/p>\n<\/div>\n<\/div>\n<div class=\"ToPagetop\"><p><a href=\"#pt\">\u30da\u30fc\u30b8\u306e\u5148\u982d\u3078<\/a><\/p><\/div>\n<\/div>\n<div class=\"section\">\n<h2 id=\"content-4\">Ambiente educacional<\/h2>\n<div class=\"content\">\n<div class=\"paragraph\">\n<div class=\"ArticleImageList\">\n<p><img decoding=\"async\" class=\"alignleft\" src=\"\/images\/education07.jpg\" alt=\"\u5712\u820e\" \/><\/p>\n<div class=\"Text\">\n<h3>Constru\u00e7\u00e3o de jardim<\/h3>\n<p>Em 1996, foi totalmente reformado a partir do projeto nacional de assist\u00eancia \u00e0 insonoriza\u00e7\u00e3o.\u00a0O jardim moderno de concreto armado \u00e9 uma instala\u00e7\u00e3o segura e confort\u00e1vel com engenhosidade em todos os lugares.\u00a0\u00c9 a mais recente instala\u00e7\u00e3o moderna da cidade.\u00a0Aproveitando as caracter\u00edsticas do concreto armado, que \u00e9 fresco no ver\u00e3o e quente no inverno, a efici\u00eancia de aquecimento e resfriamento \u00e9 extremamente alta e confort\u00e1vel.<\/p>\n<\/div>\n<\/div>\n<div class=\"ArticleImageList\">\n<p><img decoding=\"async\" class=\"alignleft\" src=\"\/images\/education08.jpg\" alt=\"toilet\" \/><\/p>\n<div class=\"Text\">\n<h3>banheiro<\/h3>\n<p>O banheiro deve ser o lugar mais familiar para crian\u00e7as pequenas.\u00a0A imagem do 3K, que \u00e9 escura, suja e fedorenta, foi aprimorada ainda mais e um banheiro claro, limpo e confort\u00e1vel foi instalado em um local claro voltado para o sul.\u00a0Os estilos ocidental e japon\u00eas para beb\u00eas s\u00e3o instalados de maneira bem equilibrada para acomodar todas as crian\u00e7as.\u00a0Especialmente os meninos podem ter que tirar as cal\u00e7as, para que o ch\u00e3o seja mantido seco e limpo.<\/p>\n<\/div>\n<\/div>\n<div class=\"ArticleImageList\">\n<p><img decoding=\"async\" class=\"alignleft\" src=\"\/images\/education09.jpg\" alt=\"Playground\" \/><\/p>\n<div class=\"Text\">\n<h3>Parque infantil<\/h3>\n<p>O equipamento l\u00fadico \u00e9 uma companhia com boa reputa\u00e7\u00e3o de seguran\u00e7a.\u00a0Compan \u00e9 um equipamento de recrea\u00e7\u00e3o vermelho ou laranja que voc\u00ea costuma ver em parques.\u00a0Nosso companheiro \u00e9 de especifica\u00e7\u00e3o europeia e tem uma cor calma que n\u00e3o \u00e9 freq\u00fcentemente vista no Jap\u00e3o.\u00a0Preste muita aten\u00e7\u00e3o \u00e0 instala\u00e7\u00e3o, e a areia carregada 1 metro abaixo do equipamento de recrea\u00e7\u00e3o pegar\u00e1 suavemente o impacto mesmo se ele cair.\u00a0\u00c9 um equipamento de jogo muito popular para crian\u00e7as.\u00a0O jardim \u00e9 grande, macio e bem drenado e \u00e9 cuidado para que as crian\u00e7as n\u00e3o se machuquem em caso de queda.<\/p>\n<\/div>\n<\/div>\n<div class=\"ArticleImageList\">\n<p><img decoding=\"async\" class=\"alignleft\" src=\"\/images\/education10.jpg\" alt=\"Plantation\" \/><\/p>\n<div class=\"Text\">\n<h3><span>Fazenda<\/span><\/h3>\n<p><span>Os vegetais sazonais s\u00e3o cultivados na fazenda adjacente ao jardim de inf\u00e2ncia.\u00a0<\/span><span>Al\u00e9m da colheita de batatas e doces, os bolos de arroz s\u00e3o cultivados em arrozais, e voc\u00ea pode comer seus pr\u00f3prios bolos de arroz em dezembro.\u00a0<\/span><span>Tudo, desde a produ\u00e7\u00e3o de mudas at\u00e9 o plantio, colheita e moagem do arroz, \u00e9 feito no parque.\u00a0<\/span><span>\u00c9 um arroz seguro que n\u00e3o usa agrot\u00f3xicos.\u00a0<\/span><span>As crian\u00e7as mais velhas experimentam o plantio e a colheita do arroz.\u00a0<\/span><span>Os vegetais cultivados nesta fazenda s\u00e3o os ingredientes para cozinhar durante o dia Nakayoshi usual.<\/span><\/p>\n<\/div>\n<\/div>\n<\/div>\n<\/div>\n<div class=\"ToPagetop\"><p><a href=\"#pt\">\u30da\u30fc\u30b8\u306e\u5148\u982d\u3078<\/a><\/p><\/div>\n<\/div>\n","protected":false},"excerpt":{"rendered":"<p>\u201cPor qu\u00ea?\u201d \u201cFeito!\u201d Crian\u00e7as todos os dias Estou fazendo muitas novas descobertas. \u00c9 algo que os adultos n\u00e3o percebem Nasce de um pequeno evento. Para crian\u00e7as curiosas Criando um lugar onde voc\u00ea pode experimentar a si mesmo Acreditamos que ser\u00e1 um alimento para o crescimento. Educa\u00e7\u00e3o para derivar, n\u00e3o educa\u00e7\u00e3o para dar. Nosso slogan com [&hellip;]<\/p>\n","protected":false},"author":4,"featured_media":0,"parent":0,"menu_order":0,"comment_status":"open","ping_status":"open","template":"","meta":{"_locale":"pt_BR","_original_post":"http:\/\/preview.d-staging.com\/ryonan\/wp\/?page_id=2"},"_links":{"self":[{"href":"https:\/\/www.ryonan.l44.jp\/wp-json\/wp\/v2\/pages\/3634"}],"collection":[{"href":"https:\/\/www.ryonan.l44.jp\/wp-json\/wp\/v2\/pages"}],"about":[{"href":"https:\/\/www.ryonan.l44.jp\/wp-json\/wp\/v2\/types\/page"}],"author":[{"embeddable":true,"href":"https:\/\/www.ryonan.l44.jp\/wp-json\/wp\/v2\/users\/4"}],"replies":[{"embeddable":true,"href":"https:\/\/www.ryonan.l44.jp\/wp-json\/wp\/v2\/comments?post=3634"}],"version-history":[{"count":1,"href":"https:\/\/www.ryonan.l44.jp\/wp-json\/wp\/v2\/pages\/3634\/revisions"}],"predecessor-version":[{"id":3741,"href":"https:\/\/www.ryonan.l44.jp\/wp-json\/wp\/v2\/pages\/3634\/revisions\/3741"}],"wp:attachment":[{"href":"https:\/\/www.ryonan.l44.jp\/wp-json\/wp\/v2\/media?parent=3634"}],"curies":[{"name":"wp","href":"https:\/\/api.w.org\/{rel}","templated":true}]}}