{"id":3628,"date":"2020-10-08T14:01:21","date_gmt":"2020-10-08T05:01:21","guid":{"rendered":"https:\/\/www.ryonan.l44.jp\/?page_id=3628"},"modified":"2020-10-08T14:01:21","modified_gmt":"2020-10-08T05:01:21","slug":"access","status":"publish","type":"page","link":"https:\/\/www.ryonan.l44.jp\/pt\/access","title":{"rendered":"Acesso"},"content":{"rendered":"<div class=\"section\">\n<h2 id=\"content-1\">Acesso<\/h2>\n<div class=\"content\">\n<div class=\"paragraph\">\n<p>O Ryonan Kindergarten est\u00e1 localizado na parte sul da cidade de Ayase e \u00e9 relativamente f\u00e1cil de criar os filhos em instala\u00e7\u00f5es p\u00fablicas, como escolas prim\u00e1rias, parques, hospitais, bombeiros, delegacias de pol\u00edcia, centros distritais e Southern Fureai Kaikan. As escolas prim\u00e1rias Ayanan, Tsuchiya e Ochiai s\u00e3o as escolas prim\u00e1rias mais pr\u00f3ximas do jardim.<\/p>\n<\/div>\n<div class=\"paragraph mapwrapper\"><iframe loading=\"lazy\" src=\"https:\/\/maps.google.co.jp\/maps\/ms?msa=0&amp;msid=208285542200535504897.0004c8e3cf3a1d808b16c&amp;hl=ja&amp;brcurrent=3,0x601856a98b5867c5:0x9b9f0037acc7c351,0&amp;ie=UTF8&amp;t=m&amp;ll=35.41741,139.447414&amp;spn=0.003935,0.00707&amp;z=17&amp;iwloc=0004c8e3d280f88478fa4&amp;output=embed\" width=\"660\" height=\"450\" frameborder=\"0\" marginwidth=\"0\" marginheight=\"0\" scrolling=\"no\"><\/iframe><\/div>\n<div class=\"paragraph\">\n<p><strong>Corpora\u00e7\u00e3o escolar Bunshin Gakuen<\/strong><\/p>\n<p>Ayanan Kindergarten<\/p>\n<p>1-10-6 na prateleira de argila superior em Ayase City, 252-1113<\/p>\n<p>TEL 0467-76-0007 FAX 0467-76-0010<\/p>\n<p>&nbsp;<\/p>\n<\/div>\n<\/div>\n<\/div>\n","protected":false},"excerpt":{"rendered":"<p>Acesso O Ryonan Kindergarten est\u00e1 localizado na parte sul da cidade de Ayase e \u00e9 relativamente f\u00e1cil de criar os filhos em instala\u00e7\u00f5es p\u00fablicas, como escolas prim\u00e1rias, parques, hospitais, bombeiros, delegacias de pol\u00edcia, centros distritais e Southern Fureai Kaikan. As escolas prim\u00e1rias Ayanan, Tsuchiya e Ochiai s\u00e3o as escolas prim\u00e1rias mais pr\u00f3ximas do jardim. Corpora\u00e7\u00e3o [&hellip;]<\/p>\n","protected":false},"author":4,"featured_media":0,"parent":0,"menu_order":0,"comment_status":"open","ping_status":"open","template":"","meta":{"_locale":"pt_BR","_original_post":"http:\/\/preview.d-staging.com\/ryonan\/?page_id=18"},"_links":{"self":[{"href":"https:\/\/www.ryonan.l44.jp\/wp-json\/wp\/v2\/pages\/3628"}],"collection":[{"href":"https:\/\/www.ryonan.l44.jp\/wp-json\/wp\/v2\/pages"}],"about":[{"href":"https:\/\/www.ryonan.l44.jp\/wp-json\/wp\/v2\/types\/page"}],"author":[{"embeddable":true,"href":"https:\/\/www.ryonan.l44.jp\/wp-json\/wp\/v2\/users\/4"}],"replies":[{"embeddable":true,"href":"https:\/\/www.ryonan.l44.jp\/wp-json\/wp\/v2\/comments?post=3628"}],"version-history":[{"count":1,"href":"https:\/\/www.ryonan.l44.jp\/wp-json\/wp\/v2\/pages\/3628\/revisions"}],"predecessor-version":[{"id":3650,"href":"https:\/\/www.ryonan.l44.jp\/wp-json\/wp\/v2\/pages\/3628\/revisions\/3650"}],"wp:attachment":[{"href":"https:\/\/www.ryonan.l44.jp\/wp-json\/wp\/v2\/media?parent=3628"}],"curies":[{"name":"wp","href":"https:\/\/api.w.org\/{rel}","templated":true}]}}