{"id":3623,"date":"2020-10-08T16:57:14","date_gmt":"2020-10-08T07:57:14","guid":{"rendered":"https:\/\/www.ryonan.l44.jp\/?page_id=3623"},"modified":"2020-10-13T16:56:52","modified_gmt":"2020-10-13T07:56:52","slug":"child","status":"publish","type":"page","link":"https:\/\/www.ryonan.l44.jp\/pt\/child","title":{"rendered":"Para aqueles que est\u00e3o no parque"},"content":{"rendered":"<div class=\"section\">\n<h2 id=\"content-1\">Correio do jardim de inf\u00e2ncia<\/h2>\n<div class=\"content\">\n<div class=\"paragraph\"><img decoding=\"async\" class=\"alignleft\" src=\"\/images\/child1.jpg\" alt=\"\" \/>O sistema de correio do jardim de inf\u00e2ncia \u00e9 um sistema que aceita inscri\u00e7\u00f5es de telefones celulares, notifica\u00e7\u00e3o de absente\u00edsmo, pedido de cust\u00f3dia, pedido de almo\u00e7o, mudan\u00e7a de embarque \/ desembarque do \u00f4nibus do jardim, etc.\u00a0Voc\u00ea precisa registrar seu endere\u00e7o de celular apenas pela primeira vez.\u00a0Escreva o nome da turma e o nome no assunto ou corpo e envie.\u00a0Por favor, registre-se novamente quando voc\u00ea mudar seu endere\u00e7o.<\/div>\n<div class=\"paragraph Board\">\n<p>Em caso de emerg\u00eancia, voc\u00ea pode receber informa\u00e7\u00f5es do jardim de inf\u00e2ncia.<\/p>\n<p>Se o e-mail de recep\u00e7\u00e3o n\u00e3o for devolvido, o procedimento pode n\u00e3o ser conclu\u00eddo.<\/p>\n<p>* Este servi\u00e7o est\u00e1 dispon\u00edvel apenas para pais de crian\u00e7as no jardim de inf\u00e2ncia.<\/p>\n<p><span style=\"color: #ff6600;\">* Dispon\u00edvel apenas para telefones celulares e smartphones<\/span><\/p>\n<p>Por favor, envie o e-mail requerido do menu abaixo.<\/p>\n<p>Observa\u00e7\u00e3o: nome da classe e nome para registro<\/p>\n<p>Por que voc\u00ea est\u00e1 ausente?<\/p>\n<p>Hor\u00e1rio agendado de coleta para o Rakko Club<\/p>\n<p>Informe-nos sobre o \u00f4nibus pela manh\u00e3 e na volta.<\/p>\n<p>&nbsp;<\/p>\n<p><a href=\"mailto:touroku@ryonan.l44.jp\">(1) Registro<\/a><\/p>\n<p><a href=\"mailto:yasumi@ryonan.l44.jp\">(2) Aus\u00eancia<\/a><\/p>\n<p><a href=\"mailto:rakko@ryonan.l44.jp\">(3) Rakko<\/a><\/p>\n<p><a href=\"mailto:bus@ryonan.l44.jp\">(4) Mudan\u00e7a de embarque \/ desembarque do \u00f4nibus do jardim<\/a><\/p>\n<p><a href=\"mailto:kyushoku@ryonan.l44.jp\">(5) Pedido de almo\u00e7o<\/a><\/p>\n<\/div>\n<\/div>\n<div class=\"ToPagetop\"><p><a href=\"#pt\">\u30da\u30fc\u30b8\u306e\u5148\u982d\u3078<\/a><\/p><\/div>\n<\/div>\n<div class=\"section\">\n<h2>Download de material (not\u00edcias do jardim)<\/h2>\n<p><a href=\"https:\/\/www.ryonan.l44.jp\/wp-content\/uploads\/%E5%9C%92%E3%81%A0%E3%82%88%E3%82%8A%EF%BC%94%E6%9C%88%E5%8F%B7.pdf\">Garden News Edi\u00e7\u00e3o de abril<\/a>\u3000<a href=\"https:\/\/www.ryonan.l44.jp\/wp-content\/uploads\/%E5%9C%92%E3%81%A0%E3%82%88%E3%82%8A%EF%BC%95%E6%9C%88%E5%8F%B7.pdf\">Garden News Maio edi\u00e7\u00e3o<\/a>\u3000<a href=\"https:\/\/www.ryonan.l44.jp\/wp-content\/uploads\/%E5%9C%92%E3%81%A0%E3%82%88%E3%82%8A6%E6%9C%88%E5%8F%B7.pdf\">Garden News edi\u00e7\u00e3o de junho<\/a>\u3000<a href=\"https:\/\/www.ryonan.l44.jp\/wp-content\/uploads\/%E5%9C%92%E3%81%A0%E3%82%88%E3%82%8A7%E6%9C%88%E5%8F%B7.pdf\">Garden News edi\u00e7\u00e3o de julho<\/a><\/p>\n<p><a href=\"https:\/\/www.ryonan.l44.jp\/wp-content\/uploads\/%E5%9C%92%E3%81%A0%E3%82%88%E3%82%8A8%E6%9C%88%E5%8F%B7.pdf\">Garden News Edi\u00e7\u00e3o de agosto<\/a>\u3000<a href=\"https:\/\/www.ryonan.l44.jp\/wp-content\/uploads\/%E5%9C%92%E3%81%A0%E3%82%88%E3%82%8A9%E6%9C%88%E5%8F%B7.pdf\">Garden News Edi\u00e7\u00e3o de setembro<\/a>\u3000<a href=\"https:\/\/www.ryonan.l44.jp\/wp-content\/uploads\/%E5%9C%92%E3%81%A0%E3%82%88%E3%82%8A%EF%BC%91%EF%BC%90%E6%9C%88%E5%8F%B7.pdf\">Garden News Edi\u00e7\u00e3o de outubro<\/a><\/p>\n<div class=\"content\">\n<div class=\"ToPagetop\"><p><a href=\"#pt\">\u30da\u30fc\u30b8\u306e\u5148\u982d\u3078<\/a><\/p><\/div>\n<\/div>\n<\/div>\n","protected":false},"excerpt":{"rendered":"<p>Correio do jardim de inf\u00e2ncia O sistema de correio do jardim de inf\u00e2ncia \u00e9 um sistema que aceita inscri\u00e7\u00f5es de telefones celulares, notifica\u00e7\u00e3o de absente\u00edsmo, pedido de cust\u00f3dia, pedido de almo\u00e7o, mudan\u00e7a de embarque \/ desembarque do \u00f4nibus do jardim, etc.\u00a0Voc\u00ea precisa registrar seu endere\u00e7o de celular apenas pela primeira vez.\u00a0Escreva o nome da turma [&hellip;]<\/p>\n","protected":false},"author":4,"featured_media":0,"parent":0,"menu_order":0,"comment_status":"open","ping_status":"open","template":"","meta":{"_locale":"pt_BR","_original_post":"http:\/\/preview.d-staging.com\/ryonan\/?page_id=7"},"_links":{"self":[{"href":"https:\/\/www.ryonan.l44.jp\/wp-json\/wp\/v2\/pages\/3623"}],"collection":[{"href":"https:\/\/www.ryonan.l44.jp\/wp-json\/wp\/v2\/pages"}],"about":[{"href":"https:\/\/www.ryonan.l44.jp\/wp-json\/wp\/v2\/types\/page"}],"author":[{"embeddable":true,"href":"https:\/\/www.ryonan.l44.jp\/wp-json\/wp\/v2\/users\/4"}],"replies":[{"embeddable":true,"href":"https:\/\/www.ryonan.l44.jp\/wp-json\/wp\/v2\/comments?post=3623"}],"version-history":[{"count":5,"href":"https:\/\/www.ryonan.l44.jp\/wp-json\/wp\/v2\/pages\/3623\/revisions"}],"predecessor-version":[{"id":3771,"href":"https:\/\/www.ryonan.l44.jp\/wp-json\/wp\/v2\/pages\/3623\/revisions\/3771"}],"wp:attachment":[{"href":"https:\/\/www.ryonan.l44.jp\/wp-json\/wp\/v2\/media?parent=3623"}],"curies":[{"name":"wp","href":"https:\/\/api.w.org\/{rel}","templated":true}]}}