{"id":3618,"date":"2020-10-08T16:15:04","date_gmt":"2020-10-08T07:15:04","guid":{"rendered":"https:\/\/www.ryonan.l44.jp\/?page_id=3618"},"modified":"2020-10-08T16:15:04","modified_gmt":"2020-10-08T07:15:04","slug":"admission","status":"publish","type":"page","link":"https:\/\/www.ryonan.l44.jp\/pt\/admission","title":{"rendered":"Informa\u00e7\u00e3o de admiss\u00e3o"},"content":{"rendered":"<div id=\"faq\" class=\"section\">\n<h2 id=\"content-1\"><span class=\"goog-text-highlight\">Perguntas e Respostas sobre Admiss\u00e3o<\/span><\/h2>\n<div class=\"content\">\n<p style=\"overflow: auto;\"><strong><span style=\"color: #000099;\">\uff31\uff0e<span class=\"\">Por favor, me fale sobre os uniformes do jardim de inf\u00e2ncia Ryonan<\/span><\/span><\/strong><br \/>\n<img decoding=\"async\" loading=\"lazy\" class=\"alignleft\" title=\"\u5236\u670d\" src=\"https:\/\/www.ryonan.l44.jp\/\/wp\/wp-content\/uploads\/seifuku.jpg\" alt=\"\" width=\"140\" height=\"219\" \/><span style=\"color: #ff00ff;\">UMA\uff0e<\/span><span class=\"goog-text-highlight\">Ryonan Kindergarten revisou os uniformes por ocasi\u00e3o do 25\u00ba anivers\u00e1rio de sua funda\u00e7\u00e3o e adotou os uniformes da marca italiana Roberta.\u00a0<\/span>Ele \u00e9 costurado pensando nas crian\u00e7as, por ser dif\u00edcil de pendurar e f\u00e1cil de colocar nos bot\u00f5es da blusa.\u00a0Acho que voc\u00ea pode us\u00e1-lo n\u00e3o apenas como uniforme, mas tamb\u00e9m quando sair.\u00a0Os uniformes simples e funcionais s\u00e3o populares entre os pais por sua limpeza e fofura.<\/p>\n<p><strong><span style=\"color: #000099;\">\uff31\uff0e<span class=\"\">Ouvi dizer que o jardim de inf\u00e2ncia Ryonan \u00e9 uma lancheira, mas n\u00e3o h\u00e1 almo\u00e7o?<\/span><\/span><\/strong><\/p>\n<p><span style=\"color: #000000;\"><span style=\"color: #ff00ff;\">UMA\uff0e<span style=\"color: #333333;\"><span class=\"goog-text-highlight\">Toda segunda-feira \u00e9 dia de almo\u00e7o para todos.\u00a0<\/span>Nos outros dias,\u00a0voc\u00ea pode escolher seu almo\u00e7o e almo\u00e7o.\u00a0N\u00e3o importa se voc\u00ea faz um almo\u00e7o ou pede uma refei\u00e7\u00e3o.\u00a0Al\u00e9m disso, faremos o pedido pela manh\u00e3, para que voc\u00ea possa utiliz\u00e1-lo com seguran\u00e7a mesmo nos dias em que n\u00e3o puder fazer o almo\u00e7o por necessidade urgente.\u00a0Depende do menu, mas parece ser popular no Dia do Curry.<\/span><\/span><\/span><\/p>\n<p>&nbsp;<\/p>\n<p><strong><span style=\"color: #000099;\">\uff31\uff0e<span class=\"\">Em conte-nos sobre a sala de aula extracurricular\u00a0<\/span><span class=\"\">novamente<\/span><\/span><\/strong><\/p>\n<p><span style=\"color: #000000;\"><span style=\"color: #ff00ff;\">UMA\uff0e<\/span>Apresentando as salas de aula extracurriculares do Ryonan Kindergarten.<\/span><\/p>\n<p><span style=\"color: #000000;\"><strong><span class=\"\">Segunda<\/span><\/strong><span class=\"\">\u00a0&#8211;\u00a0<\/span><strong><span class=\"\">feira<\/span><\/strong>\uff1aAcorn Club (aula de gin\u00e1stica)<\/span><\/p>\n<p><span style=\"color: #000000;\"><strong>Ter\u00e7a<\/strong>\u00a0&#8211;\u00a0<strong>feira<\/strong>\uff1aAcorn Club<\/span><\/p>\n<p><strong><span class=\"\">Quarta<\/span><\/strong><span class=\"\">\u00a0&#8211;\u00a0<\/span><strong><span class=\"\">feira<\/span><\/strong><span class=\"\">\u00a0: Clube de Gin\u00e1stica R\u00edtmica, Aula de Piano\u3000<\/span><\/p>\n<p><strong>Quinta<\/strong>\u00a0&#8211;\u00a0<strong>feira<\/strong>\u00a0: Aula de futebol, Vibria (aula de leitura e reda\u00e7\u00e3o), aula de piano<\/p>\n<p>H\u00e1 sim.\u00a0\u00c9 cerca de 1 hora ap\u00f3s o t\u00e9rmino do acolhimento (14:00).\u00a0Al\u00e9m disso, para salas de aula extracurriculares que s\u00e3o divididas em turmas, voc\u00ea pode usar a guarda de crian\u00e7as da guarda \u00e0s custas da sala de aula at\u00e9 o in\u00edcio da aula, para que possa responder sem problemas desde o final da creche at\u00e9 sair do parque.<\/p>\n<p>&nbsp;<\/p>\n<p><strong><span style=\"color: #000099;\">\uff31\uff0e<span class=\"\">Por favor, me diga o curso do \u00f4nibus do jardim<\/span><\/span><\/strong><\/p>\n<p><span style=\"color: #000000;\"><span style=\"color: #ff00ff;\">UMA\uff0e<\/span>Todos os anos, vamos organizar um novo curso para quem quiser.\u00a0Damos prioridade \u00e0s crian\u00e7as a bordo e consideramos voltar ao jardim em cerca de 30 minutos por curso.\u00a0Dependendo da estrada, o grau de congestionamento pode afet\u00e1-la, ent\u00e3o n\u00e3o \u00e9 t\u00e3o longe, mas vai para Terao no norte, Shimodachi em Fujisawa no sul, Shimofukuda em Yamato no leste e Hayakawa e Kuzuhara no oeste.\u00a0Al\u00e9m disso, como afeta a puericultura, estamos organizando um curso para que o \u00faltimo \u00f4nibus volte por volta das 9h30.<\/span><\/p>\n<p>&nbsp;<\/p>\n<p><strong><span style=\"color: #000099;\">\uff31\uff0e<span class=\"\">Voc\u00ea tem servi\u00e7os de creche?<\/span><\/span><\/strong><\/p>\n<p><span style=\"color: #000000;\"><span style=\"color: #ff00ff;\">UMA\uff0e<\/span>H\u00e1 sim.\u00a0N\u00f3s o chamamos de\u00a0<strong>Clube Rakko<\/strong>\u00a0.\u00a0Ap\u00f3s a creche de segunda a sexta-feira, ficaremos at\u00e9 as 18h.\u00a0Uma professora de jardim de inf\u00e2ncia em tempo integral cuida de seus filhos para que eles possam relaxar em um ambiente familiar.\u00a0Se ficar at\u00e9 depois das 3 horas, vai fazer um lanche.\u00a0Tamb\u00e9m oferecemos servi\u00e7os de creche durante as f\u00e9rias de longa dura\u00e7\u00e3o (f\u00e9rias de ver\u00e3o, f\u00e9rias de inverno, f\u00e9rias de primavera).\u00a0Por favor, entre em contato conosco para mais detalhes.<\/span><\/p>\n<p>&nbsp;<\/p>\n<p><strong><span style=\"color: #000099;\">\uff31\uff0e<span class=\"\">Por favor, diga-me onde estudar para graduados<\/span><\/span><\/strong><\/p>\n<p><span style=\"color: #ff00ff;\">\u00a0UMA\uff0e<\/span><span class=\"\">Quase metade dos formandos est\u00e1 na Escola Prim\u00e1ria Ayanan, na porta ao lado.\u00a0<\/span>A outra metade vai para v\u00e1rias escolas prim\u00e1rias, incluindo aquelas fora da cidade, como Tsuchiya, Ochiai, Ayase Ko, Fujisawa City Fujimidai, Nagago e Yamato City Shimofukuda Elementary School.\u00a0Costumo ouvir a hist\u00f3ria que &#8220;\u00e9 mais seguro ter muitos amigos no destino&#8221;, mas as crian\u00e7as podem fazer amigos imediatamente e ir para a escola com energia, ent\u00e3o por favor, n\u00e3o se preocupe muito com o distrito escolar e entre no parque com confian\u00e7a.<\/p>\n<\/div>\n<\/div>\n<p>&nbsp;<\/p>\n<div class=\"section\">\n<h2 id=\"content-2\"><span class=\"\">Sobre o recrutamento de crian\u00e7as do jardim de inf\u00e2ncia em 2021<\/span><\/h2>\n<div class=\"content\">\n<h3><span class=\"\">Cronograma de recrutamento<\/span><\/h3>\n<div class=\"paragraph\">\n<table>\n<tbody>\n<tr>\n<th rowspan=\"3\">Recrutamento<\/th>\n<td>Creche de tr\u00eas anos: 20 alunos de 2 de abril, H28 a 1 de abril, H29<\/td>\n<\/tr>\n<tr>\n<td>Creche de dois anos: 50 alunos nascidos de 2 de abril, H27 a 1 de abril, H28<\/td>\n<\/tr>\n<tr>\n<td>Creche de um ano: H26, 2 de abril, H26 ~ H27, 1 de abril, v\u00e1rios nomes<\/td>\n<\/tr>\n<tr>\n<th>Distribui\u00e7\u00e3o do pedido de admiss\u00e3o<\/th>\n<td>R2, 15 de outubro (quinta-feira) 9h\u00a0~<\/td>\n<\/tr>\n<tr>\n<th>Recep\u00e7\u00e3o \/ exame da inscri\u00e7\u00e3o<\/th>\n<td>2 de novembro, R2 (m\u00eas) 9h ~<\/td>\n<\/tr>\n<tr>\n<th>Admiss\u00e3o de um dia (sess\u00e3o de informa\u00e7\u00e3o ap\u00f3s a decis\u00e3o da admiss\u00e3o)<\/th>\n<td>Programado para quarta-feira, 3 de fevereiro e ter\u00e7a-feira, 23 de mar\u00e7o.<\/td>\n<\/tr>\n<\/tbody>\n<\/table>\n<\/div>\n<h3><span class=\"\">Passeio do jardim de inf\u00e2ncia<\/span><\/h3>\n<div class=\"paragraph\">\n<p><span class=\"\">Se gostaria de visitar, contacte o jardim.\u00a0<\/span>Vamos ajustar o cronograma.<\/p>\n<p>* Tamb\u00e9m fazemos uma \u201cfesta da safada\u201d para as crian\u00e7as antes de entrarem no parque.<\/p>\n<p>&gt;&gt; <a href=\"https:\/\/www.ryonan.l44.jp\/support#content-2\"><span class=\"goog-text-highlight\">Festa safada<\/span><\/a><\/p>\n<\/div>\n<\/div>\n<\/div>\n<div class=\"section\">\n<h2 id=\"content-3\"><span class=\"\">Sobre o custo<\/span><\/h2>\n<div class=\"content\">\n<h3><span class=\"goog-text-highlight\">Os pagamentos para 2021 s\u00e3o os seguintes.<\/span><\/h3>\n<div class=\"paragraph\">\n<p>* Outras despesas Taxa de excurs\u00e3o, taxa de acampamento, etc. s\u00e3o despesas reais<\/p>\n<table>\n<tbody>\n<tr>\n<th>Pedido de admiss\u00e3o<\/th>\n<td>500 ienes<\/td>\n<\/tr>\n<tr>\n<th>Taxa de exame<\/th>\n<td>5.000 ienes<\/td>\n<\/tr>\n<tr>\n<th>taxa de entrada<\/th>\n<td>30.000 ienes mais novos durante todo o ano 60.000 ienes<\/td>\n<\/tr>\n<tr>\n<th>Custo uniforme<\/th>\n<td>\n<h5><span class=\"goog-text-highlight\">3 anos de idade:<\/span><\/h5>\n<p>11.400 ienes [camisa de gin\u00e1stica, cal\u00e7a de gin\u00e1stica, bata, bolsa]<\/p>\n<h5>4,5 anos de idade:<\/h5>\n<p>24.200 ienes masculinos<\/p>\n<p>[Camisa de gin\u00e1stica, cal\u00e7as de gin\u00e1stica, meia blusa \/ mangas compridas, cal\u00e7as, bolsa]<\/p>\n<p>23.100 ienes femininos<\/p>\n<p>[Camisa de gin\u00e1stica, cal\u00e7as de gin\u00e1stica, meia blusa \/ mangas compridas, saia, bolsa]<\/p>\n<p>* Cardig\u00e3 de malha (14.000 ienes), trewear (3.500 ienes), cal\u00e7as tre (3.200 ienes), usado na camisa de gin\u00e1stica, se desejar.<\/p>\n<p>Pode ser selecionado.<\/td>\n<\/tr>\n<tr>\n<th>Taxa de aux\u00edlio did\u00e1tico<\/th>\n<td>Aproximadamente 9.000 ienes [Capuz de preven\u00e7\u00e3o de desastres, caixa de ferramentas, materiais de arte, etc.] * N\u00e3o h\u00e1 coleta mensal de materiais de ensino.<\/td>\n<\/tr>\n<tr>\n<th>Taxa de creche\u00a0[mensal]<\/p>\n<p>Uso de instala\u00e7\u00f5es<\/p>\n<p>[Anual]<\/th>\n<td>Crian\u00e7a de 3 anos 28.000 ienes Crian\u00e7a de 4,5 anos 27.000 ienes (com remunera\u00e7\u00e3o de 25.700 ienes gr\u00e1tis) A diferen\u00e7a \u00e9 cobrada como uma taxa de creche. Taxa de manuten\u00e7\u00e3o das instala\u00e7\u00f5es de 30.000 ienes (entregue no momento da promo\u00e7\u00e3o)<\/td>\n<\/tr>\n<tr>\n<th>Tarifa de \u00f4nibus [mensal]<\/th>\n<td>Ida e volta 3.465 ienes S\u00f3 ida 2.205 ienes<\/td>\n<\/tr>\n<tr>\n<th>Taxa de leite [anual]<\/th>\n<td>9.600 ienes (3.200 ienes x 3 vezes)<\/td>\n<\/tr>\n<tr>\n<th>Custos de ar condicionado [anual]<\/th>\n<td>5.000 ienes<\/td>\n<\/tr>\n<tr>\n<th>Taxa de associa\u00e7\u00e3o de pais [anual]<\/th>\n<td>3.600 ienes<\/td>\n<\/tr>\n<\/tbody>\n<\/table>\n<\/div>\n<h3><span class=\"goog-text-highlight\">Despesas de creche (pagamento por cart\u00e3o pr\u00e9-pago)<\/span><\/h3>\n<div class=\"paragraph\">\n<p><span class=\"\">O pagamento ser\u00e1 feito com o cart\u00e3o cobrado antes do pagamento.\u00a0<\/span>S\u00e3o 200 ienes por hora.<\/p>\n<p>* Uma taxa separada ser\u00e1 cobrada para eventos de cust\u00f3dia durante as f\u00e9rias de ver\u00e3o.<\/p>\n<\/div>\n<\/div>\n<\/div>\n<div><\/div>\n","protected":false},"excerpt":{"rendered":"<p>Perguntas e Respostas sobre Admiss\u00e3o \uff31\uff0ePor favor, me fale sobre os uniformes do jardim de inf\u00e2ncia Ryonan UMA\uff0eRyonan Kindergarten revisou os uniformes por ocasi\u00e3o do 25\u00ba anivers\u00e1rio de sua funda\u00e7\u00e3o e adotou os uniformes da marca italiana Roberta.\u00a0Ele \u00e9 costurado pensando nas crian\u00e7as, por ser dif\u00edcil de pendurar e f\u00e1cil de colocar nos bot\u00f5es da [&hellip;]<\/p>\n","protected":false},"author":4,"featured_media":0,"parent":0,"menu_order":0,"comment_status":"open","ping_status":"open","template":"","meta":{"_locale":"pt_BR","_original_post":"http:\/\/preview.d-staging.com\/ryonan\/?page_id=6"},"_links":{"self":[{"href":"https:\/\/www.ryonan.l44.jp\/wp-json\/wp\/v2\/pages\/3618"}],"collection":[{"href":"https:\/\/www.ryonan.l44.jp\/wp-json\/wp\/v2\/pages"}],"about":[{"href":"https:\/\/www.ryonan.l44.jp\/wp-json\/wp\/v2\/types\/page"}],"author":[{"embeddable":true,"href":"https:\/\/www.ryonan.l44.jp\/wp-json\/wp\/v2\/users\/4"}],"replies":[{"embeddable":true,"href":"https:\/\/www.ryonan.l44.jp\/wp-json\/wp\/v2\/comments?post=3618"}],"version-history":[{"count":4,"href":"https:\/\/www.ryonan.l44.jp\/wp-json\/wp\/v2\/pages\/3618\/revisions"}],"predecessor-version":[{"id":3685,"href":"https:\/\/www.ryonan.l44.jp\/wp-json\/wp\/v2\/pages\/3618\/revisions\/3685"}],"wp:attachment":[{"href":"https:\/\/www.ryonan.l44.jp\/wp-json\/wp\/v2\/media?parent=3618"}],"curies":[{"name":"wp","href":"https:\/\/api.w.org\/{rel}","templated":true}]}}