{"id":3609,"date":"2020-10-08T16:21:45","date_gmt":"2020-10-08T07:21:45","guid":{"rendered":"https:\/\/www.ryonan.l44.jp\/?page_id=3609"},"modified":"2020-10-08T16:29:14","modified_gmt":"2020-10-08T07:29:14","slug":"life","status":"publish","type":"page","link":"https:\/\/www.ryonan.l44.jp\/pt\/life","title":{"rendered":"Vida no jardim"},"content":{"rendered":"<div id=\"timetable\" class=\"section\">\n<h2 id=\"content-1\">O fluxo do dia<\/h2>\n<div class=\"content\">\n<div class=\"paragraph\">\n<table>\n<tbody>\n<tr>\n<th class=\"Time\">8:00<\/th>\n<th>Atendimento da equipe<\/th>\n<td>Os funcion\u00e1rios ir\u00e3o trabalhar um ap\u00f3s o outro.\u00a0Voc\u00ea ser\u00e1 contatado por absente\u00edsmo e pedidos de comida.<\/td>\n<\/tr>\n<tr>\n<th class=\"Time\">8:15<\/th>\n<th>Sa\u00edda do \u00f4nibus do jardim<\/th>\n<td>Haver\u00e1 um \u00f4nibus do jardim.\u00a0A professora est\u00e1 ocupada arrumando os brinquedos do jardim e se preparando para receber as crian\u00e7as.<\/td>\n<\/tr>\n<tr>\n<th class=\"Time\">8:45<\/th>\n<th>Atendimento sequencial<\/th>\n<td>As crian\u00e7as no \u00f4nibus chegar\u00e3o por volta das 8h30.\u00a0Caminhar at\u00e9 o parque \u00e9 das 8:45 \u00e0s\u00a0<strong>9:00<\/strong>\u00a0.\u00a0Troque de roupa e cole um adesivo no livro de bom dia.\u00a0A professora inspecionar\u00e1 as crian\u00e7as e confirmar\u00e1 sua presen\u00e7a.<\/td>\n<\/tr>\n<tr>\n<th class=\"Time\">9:30<\/th>\n<th>Tempo de jogo favorito<\/th>\n<td>O \u00faltimo curso de \u00f4nibus chegar\u00e1 e o parque estar\u00e1 conclu\u00eddo.<br \/>\nDurante a pr\u00f3xima hora ou assim, as crian\u00e7as estar\u00e3o totalmente absortas em brincar.<\/td>\n<\/tr>\n<tr>\n<th class=\"Time\">10:15<\/th>\n<th>Limpar<\/th>\n<td>\u00c9 hora de limpar.\u00a0Vamos limpar o que usamos e devolver a cada aula.<\/td>\n<\/tr>\n<tr>\n<th class=\"Time\">10:30<\/th>\n<th>Atividade de classe<\/th>\n<td>As atividades de classe come\u00e7ar\u00e3o.\u00a0O conte\u00fado varia de acordo com a classe e a nota.<br \/>\nVamos trabalhar de acordo com o plano.\u00a0Tamb\u00e9m \u00e9 importante ter a mesma experi\u00eancia.<\/td>\n<\/tr>\n<tr>\n<th class=\"Time\">11:30<\/th>\n<th>Hora do almo\u00e7o<\/th>\n<td>O almo\u00e7o \u00e9 um dos prazeres das crian\u00e7as.<br \/>\n\u00c9 hora de valorizar as del\u00edcias do almo\u00e7o que voc\u00ea come com seus amigos.<\/td>\n<\/tr>\n<tr>\n<th class=\"Time\">12:30<\/th>\n<th>Jogo gr\u00e1tis<\/th>\n<td>Ap\u00f3s o almo\u00e7o, todos faremos um \u201cbanquete\u201d.<br \/>\nFazemos atividades de aula e brincamos no jardim at\u00e9 sairmos do parque.<\/td>\n<\/tr>\n<tr>\n<th class=\"Time\">13:00<\/th>\n<th>Preparando-se para o seu retorno<\/th>\n<td>Estou pronto para ir para casa.<br \/>\nLimpe e troque de roupa.\u00a0Pe\u00e7a-lhes que ou\u00e7am suas hist\u00f3rias e leiam seus livros e pe\u00e7as de papel favoritos.<\/td>\n<\/tr>\n<tr>\n<th class=\"Time\">14:00<\/th>\n<th>Desembarque sequencial<\/th>\n<td>As crian\u00e7as do primeiro curso de \u00f4nibus sair\u00e3o do parque um passo \u00e0 frente a partir das 13h50.\u00a0Voc\u00ea tem alguma coisa deixada para tr\u00e1s?<br \/>\nFuen do jardim de inf\u00e2ncia ambulante \u00e9 das\u00a0<strong>14:00 \u00e0s 14:15<\/strong>\u00a0.<\/td>\n<\/tr>\n<tr>\n<th class=\"Time\">~ 18h<\/th>\n<th>Rakko Club<br \/>\n(guarda de crian\u00e7as sob cust\u00f3dia)<\/th>\n<td>Voc\u00ea pode us\u00e1-lo quando precisar, como para trabalho ou neg\u00f3cios. \u00c9 tamb\u00e9m um parque \u00e0 tarde para as crian\u00e7as que querem brincar mais.<br \/>\n* F\u00e9rias de ver\u00e3o, inverno e primavera tamb\u00e9m s\u00e3o realizadas.<\/td>\n<\/tr>\n<\/tbody>\n<\/table>\n<\/div>\n<\/div>\n<div class=\"ToPagetop\"><p><a href=\"#pt\">\u30da\u30fc\u30b8\u306e\u5148\u982d\u3078<\/a><\/p><\/div>\n<\/div>\n<div id=\"yearschedule\" class=\"section\">\n<h2 id=\"content-2\">Eventos anuais<\/h2>\n<div class=\"content\">\n<div class=\"paragraph\">\n<div class=\"Sub\">\n<div class=\"Calendar\"><a class=\"banner-button\" href=\"https:\/\/www.ryonan.l44.jp\/calendar\">\u308a\u3087\u3046\u306a\u3093\u30ab\u30ec\u30f3\u30c0\u30fc<span style=\"display: block; font-size: 0.5em; line-height: 1.5em;\">\u30b9\u30b1\u30b8\u30e5\u30fc\u30eb\u306f\u3053\u3061\u3089<\/span><\/a><\/div>\n<p><img decoding=\"async\" src=\"\/images\/life2_1.png\" alt=\"\" \/><img decoding=\"async\" src=\"\/images\/life2_2.png\" alt=\"\" \/><img decoding=\"async\" src=\"\/images\/life2_3.png\" alt=\"\" \/><img decoding=\"async\" src=\"\/images\/life2_4.png\" alt=\"\" \/><\/p>\n<\/div>\n<table>\n<tbody>\n<tr>\n<th>abril<\/th>\n<td>* Cerim\u00f4nia de entrada \/ cerim\u00f4nia de abertura \/ visita domiciliar<\/td>\n<\/tr>\n<tr>\n<th>Maio<\/th>\n<td>* Reuni\u00e3o do Dia das M\u00e3es \/ * Excurs\u00e3o entre pais e filhos \/ Medicina interna \/ Exame odontol\u00f3gico \/ Orienta\u00e7\u00e3o de seguran\u00e7a no tr\u00e2nsito<\/td>\n<\/tr>\n<tr>\n<th>Junho<\/th>\n<td>* Festa do Dia dos Pais \/ Plantio de arroz \/ Explora\u00e7\u00e3o de batata \/ Abertura de piscina<\/td>\n<\/tr>\n<tr>\n<th>Julho<\/th>\n<td>Tanabata no Kai \/ Colheita de Milho \/ Acampamento Nishitanzawa (S\u00eanior) \/ * Noite Fria<\/td>\n<\/tr>\n<tr>\n<th>agosto<\/th>\n<td>Creche \/ colheita de p\u00eara no ver\u00e3o<\/td>\n<\/tr>\n<tr>\n<th>setembro<\/th>\n<td>* Treinamento para preven\u00e7\u00e3o de desastres \/ Cavando amendoim (mais antigo) \/ * Keiro no Hikai<\/td>\n<\/tr>\n<tr>\n<th>Outubro<\/th>\n<td>* Festa atl\u00e9tica \/ escava\u00e7\u00e3o de batata \/ colheita de arroz<\/td>\n<\/tr>\n<tr>\n<th>novembro<\/th>\n<td>Equita\u00e7\u00e3o (mais velho) \/ 753 \/ Evento da Associa\u00e7\u00e3o de Pais<\/td>\n<\/tr>\n<tr>\n<th>dezembro<\/th>\n<td>Mochitsuki \/ festa de Natal<\/td>\n<\/tr>\n<tr>\n<th>janeiro<\/th>\n<td>Show de fantoches \/ Fazendo bolinhos \/ Tour social<\/td>\n<\/tr>\n<tr>\n<th>fevereiro<\/th>\n<td>* Apresenta\u00e7\u00e3o<\/td>\n<\/tr>\n<tr>\n<th>marcha<\/th>\n<td>Plantio de sementes de batata \/ excurs\u00e3o de despedida \/ festa de despedida \/ * Cerim\u00f4nia de formatura<\/td>\n<\/tr>\n<\/tbody>\n<\/table>\n<p>&nbsp;<\/p>\n<p class=\"Notes\">* * As marcas s\u00e3o eventos para os pais participarem.\u3002<\/p>\n<p class=\"Notes\">* Evento mensal: Festa de anivers\u00e1rio, bom amigo DIA (2 a 3 vezes por m\u00eas)<\/p>\n<\/div>\n<\/div>\n<div class=\"ToPagetop\"><p><a href=\"#pt\">\u30da\u30fc\u30b8\u306e\u5148\u982d\u3078<\/a><\/p><\/div>\n<\/div>\n<div class=\"section\">\n<h2 id=\"content-3\">Esfor\u00e7os para seguran\u00e7a<\/h2>\n<div class=\"content\">\n<h3>Bem preven\u00e7\u00e3o de desastres<\/h3>\n<div class=\"paragraph\"><img decoding=\"async\" loading=\"lazy\" class=\"alignleft wp-image-243\" title=\"\u9632\u707d\u4e95\u6238\" src=\"https:\/\/www.ryonan.l44.jp\/wp-content\/uploads\/\u9632\u707d\u4e95\u6238-300x225.jpg\" alt=\"\" width=\"200\" height=\"150\" srcset=\"https:\/\/www.ryonan.l44.jp\/wp-content\/uploads\/\u9632\u707d\u4e95\u6238-300x225.jpg 300w, https:\/\/www.ryonan.l44.jp\/wp-content\/uploads\/\u9632\u707d\u4e95\u6238-1024x768.jpg 1024w\" sizes=\"(max-width: 200px) 100vw, 200px\" \/>Em caso de desastre, recebemos subs\u00eddio do Minist\u00e9rio da Educa\u00e7\u00e3o, Cultura, Esportes, Ci\u00eancia e Tecnologia para a instala\u00e7\u00e3o de um po\u00e7o de preven\u00e7\u00e3o de desastres para garantir \u00e1gua pot\u00e1vel e sanit\u00e1ria.\u00a0Este po\u00e7o de preven\u00e7\u00e3o de desastres \u00e9 \u00e1gua de po\u00e7o bombeada de 50 metros abaixo do solo, equipada com sistema de purifica\u00e7\u00e3o de filtra\u00e7\u00e3o com sistema de limpeza autom\u00e1tica para que possa ser bebida.\u00a0Em caso de queda de energia, ele pode ser bombeado pelo gerador embutido.\u00a0\u00c9 importante garantir \u00e1gua pot\u00e1vel e acho que ser\u00e1 \u00fatil n\u00e3o s\u00f3 para as crian\u00e7as, mas tamb\u00e9m para os residentes vizinhos.\u00a0Eu geralmente a uso como uma pia normal ao ar livre para crian\u00e7as do jardim de inf\u00e2ncia.<\/div>\n<h3>Tag IC<\/h3>\n<div class=\"paragraph\"><img decoding=\"async\" loading=\"lazy\" class=\"alignleft wp-image-254\" title=\"\u30bf\u30b0\u30a4\u30e1\u30fc\u30b8\" src=\"https:\/\/www.ryonan.l44.jp\/wp-content\/uploads\/\u30bf\u30b0\u30a4\u30e1\u30fc\u30b8-300x279.jpg\" alt=\"\" width=\"200\" height=\"150\" \/>Introduzimos um sistema que gerencia se as crian\u00e7as entraram ou sa\u00edram do parque ou n\u00e3o.\u00a0Isso ocorre porque todas as mochilas de jardim de inf\u00e2ncia t\u00eam as etiquetas IC distribu\u00eddas.\u00a0Um leitor \u00e9 instalado nos port\u00f5es frontal e traseiro do jardim, e voc\u00ea pode saber instantaneamente se uma crian\u00e7a passou por ele ou n\u00e3o.\u00a0\u00c9 um sistema eficaz para gerenciamento de atendimento di\u00e1rio, preven\u00e7\u00e3o de crimes e desastres de emerg\u00eancia.<\/div>\n<h3>Correio m\u00f3vel<\/h3>\n<div class=\"paragraph\">\n<p>Introduzimos um sistema de correio m\u00f3vel como meio de comunica\u00e7\u00e3o di\u00e1ria e como sistema de comunica\u00e7\u00e3o em caso de desastre.\u00a0As notifica\u00e7\u00f5es podem ser enviadas para os telefones celulares dos pais em caso de emerg\u00eancia ou desastre.<\/p>\n<\/div>\n<h3>Dispositivo de notifica\u00e7\u00e3o para empresa de seguran\u00e7a<\/h3>\n<div class=\"paragraph\">\n<p>Temos uma linha direta onde voc\u00ea pode ligar para a empresa de seguran\u00e7a em caso de emerg\u00eancia.\u00a0A empresa de seguran\u00e7a enviar\u00e1 imediatamente um relat\u00f3rio \u00e0 pol\u00edcia.<\/p>\n<\/div>\n<h3><span>c\u00e2mera de seguran\u00e7a<\/span><\/h3>\n<div class=\"paragraph\">\n<p>C\u00e2meras de seguran\u00e7a s\u00e3o instaladas no parque para monitorar pessoas suspeitas no dia a dia, fiscalizar \u00e0 noite e monitorar a cobertura onde a entrada di\u00e1ria \u00e9 proibida, contribuindo para a seguran\u00e7a das crian\u00e7as. ..<\/p>\n<\/div>\n<div class=\"ToPagetop\"><p><a href=\"#pt\">\u30da\u30fc\u30b8\u306e\u5148\u982d\u3078<\/a><\/p><\/div>\n<\/div>\n<\/div>\n","protected":false},"excerpt":{"rendered":"<p>O fluxo do dia 8:00 Atendimento da equipe Os funcion\u00e1rios ir\u00e3o trabalhar um ap\u00f3s o outro.\u00a0Voc\u00ea ser\u00e1 contatado por absente\u00edsmo e pedidos de comida. 8:15 Sa\u00edda do \u00f4nibus do jardim Haver\u00e1 um \u00f4nibus do jardim.\u00a0A professora est\u00e1 ocupada arrumando os brinquedos do jardim e se preparando para receber as crian\u00e7as. 8:45 Atendimento sequencial As crian\u00e7as [&hellip;]<\/p>\n","protected":false},"author":4,"featured_media":254,"parent":0,"menu_order":0,"comment_status":"open","ping_status":"open","template":"","meta":{"_locale":"pt_BR","_original_post":"http:\/\/preview.d-staging.com\/ryonan\/?page_id=5"},"_links":{"self":[{"href":"https:\/\/www.ryonan.l44.jp\/wp-json\/wp\/v2\/pages\/3609"}],"collection":[{"href":"https:\/\/www.ryonan.l44.jp\/wp-json\/wp\/v2\/pages"}],"about":[{"href":"https:\/\/www.ryonan.l44.jp\/wp-json\/wp\/v2\/types\/page"}],"author":[{"embeddable":true,"href":"https:\/\/www.ryonan.l44.jp\/wp-json\/wp\/v2\/users\/4"}],"replies":[{"embeddable":true,"href":"https:\/\/www.ryonan.l44.jp\/wp-json\/wp\/v2\/comments?post=3609"}],"version-history":[{"count":4,"href":"https:\/\/www.ryonan.l44.jp\/wp-json\/wp\/v2\/pages\/3609\/revisions"}],"predecessor-version":[{"id":3705,"href":"https:\/\/www.ryonan.l44.jp\/wp-json\/wp\/v2\/pages\/3609\/revisions\/3705"}],"wp:featuredmedia":[{"embeddable":true,"href":"https:\/\/www.ryonan.l44.jp\/wp-json\/wp\/v2\/media\/254"}],"wp:attachment":[{"href":"https:\/\/www.ryonan.l44.jp\/wp-json\/wp\/v2\/media?parent=3609"}],"curies":[{"name":"wp","href":"https:\/\/api.w.org\/{rel}","templated":true}]}}